{"id":142,"date":"2025-11-30T17:29:26","date_gmt":"2025-11-30T17:29:26","guid":{"rendered":"https:\/\/www.espaces-des-possibles.fr\/www\/?page_id=142"},"modified":"2025-12-20T17:52:35","modified_gmt":"2025-12-20T17:52:35","slug":"transformation-des-comportements-2","status":"publish","type":"page","link":"https:\/\/www.espaces-des-possibles.fr\/index.php\/transformation-des-comportements-2\/","title":{"rendered":"TRANSFORMATION DES COMPORTEMENTS"},"content":{"rendered":"\t\t<div data-elementor-type=\"wp-page\" data-elementor-id=\"142\" class=\"elementor elementor-142\">\n\t\t\t\t<div class=\"elementor-element elementor-element-f29e08e e-flex e-con-boxed wpr-particle-no wpr-jarallax-no wpr-parallax-no wpr-sticky-section-no wpr-equal-height-no e-con e-parent\" data-id=\"f29e08e\" data-element_type=\"container\" data-e-type=\"container\" id=\"TRANFORMATION\" data-settings=\"{&quot;background_background&quot;:&quot;classic&quot;}\">\n\t\t\t\t\t<div class=\"e-con-inner\">\n\t\t\t\t<div class=\"elementor-element elementor-element-48e21e4 elementor-widget elementor-widget-heading\" data-id=\"48e21e4\" data-element_type=\"widget\" data-e-type=\"widget\" data-widget_type=\"heading.default\">\n\t\t\t\t\t<h2 class=\"elementor-heading-title elementor-size-default\">TRANSFORMATION DES COMPORTEMENTS ET HABITUDES<\/h2>\t\t\t\t<\/div>\n\t\t\t\t\t<\/div>\n\t\t\t\t<\/div>\n\t\t<div class=\"elementor-element elementor-element-167e263 e-flex e-con-boxed wpr-particle-no wpr-jarallax-no wpr-parallax-no wpr-sticky-section-no wpr-equal-height-no e-con e-parent\" data-id=\"167e263\" data-element_type=\"container\" data-e-type=\"container\" data-settings=\"{&quot;background_background&quot;:&quot;classic&quot;}\">\n\t\t\t\t\t<div class=\"e-con-inner\">\n\t\t<div class=\"elementor-element elementor-element-b7099f5 e-con-full e-flex wpr-particle-no wpr-jarallax-no wpr-parallax-no wpr-sticky-section-no wpr-equal-height-no e-con e-child\" data-id=\"b7099f5\" data-element_type=\"container\" data-e-type=\"container\">\n\t\t\t\t<div class=\"elementor-element elementor-element-2026d01 elementor-widget elementor-widget-image\" data-id=\"2026d01\" data-element_type=\"widget\" data-e-type=\"widget\" data-widget_type=\"image.default\">\n\t\t\t\t\t\t\t\t\t\t\t\t\t\t\t<img fetchpriority=\"high\" decoding=\"async\" width=\"634\" height=\"944\" src=\"https:\/\/www.espaces-des-possibles.fr\/wp-content\/uploads\/2025\/12\/changement-comportement.jpeg\" class=\"attachment-large size-large wp-image-398\" alt=\"\" srcset=\"https:\/\/www.espaces-des-possibles.fr\/wp-content\/uploads\/2025\/12\/changement-comportement.jpeg 634w, https:\/\/www.espaces-des-possibles.fr\/wp-content\/uploads\/2025\/12\/changement-comportement-201x300.jpeg 201w\" sizes=\"(max-width: 634px) 100vw, 634px\" \/>\t\t\t\t\t\t\t\t\t\t\t\t\t\t\t<\/div>\n\t\t\t\t<\/div>\n\t\t<div class=\"elementor-element elementor-element-5438292 e-con-full e-flex wpr-particle-no wpr-jarallax-no wpr-parallax-no wpr-sticky-section-no wpr-equal-height-no e-con e-child\" data-id=\"5438292\" data-element_type=\"container\" data-e-type=\"container\">\n\t\t\t\t<div class=\"elementor-element elementor-element-d2e8d73 elementor-widget elementor-widget-text-editor\" data-id=\"d2e8d73\" data-element_type=\"widget\" data-e-type=\"widget\" data-widget_type=\"text-editor.default\">\n\t\t\t\t\t\t\t\t\t<p data-path-to-node=\"4\"><b>Se lib\u00e9rer de ce qui nous p\u00e8se pour retrouver plus de libert\u00e9.<\/b><\/p><p data-path-to-node=\"5\">Nous avons tous des habitudes ou des fa\u00e7ons de faire qui sont bien ancr\u00e9es en nous. Parfois, on aimerait changer, mais la volont\u00e9 ne suffit pas toujours. En tant que <b>ma\u00eetre praticien en hypnose ericksonienne<\/b>, je vous accompagne simplement pour d\u00e9nouer ce qui bloque et mettre en place de nouvelles fa\u00e7ons d&rsquo;\u00eatre, plus saines et plus agr\u00e9ables pour vous.<\/p><p data-path-to-node=\"6\"><b>Se lib\u00e9rer et se sentir mieux dans son corps<\/b> L&rsquo;hypnose est une aide pr\u00e9cieuse pour se d\u00e9tacher d&rsquo;une habitude dont on ne veut plus. Que ce soit pour l&rsquo;<b>arr\u00eat du tabac<\/b> ou pour se lib\u00e9rer d&rsquo;autres <b>addictions<\/b>, nous travaillons \u00e0 renforcer votre envie d&rsquo;\u00eatre libre. C&rsquo;est aussi un accompagnement efficace pour la <b>gestion du poids<\/b>, afin d&rsquo;apaiser votre rapport \u00e0 l&rsquo;alimentation et retrouver un \u00e9quilibre naturel sans lutte.<\/p><p data-path-to-node=\"7\"><b>Retrouver le repos et le confort<\/b> Quand le corps ne r\u00e9cup\u00e8re plus, tout devient difficile. Si votre <b>sommeil<\/b> est perturb\u00e9, l&rsquo;hypnose vous aide \u00e0 retrouver le chemin du calme pour <b>mieux dormir<\/b> et r\u00e9cup\u00e9rer une \u00e9nergie durable. De la m\u00eame fa\u00e7on, nous pouvons travailler sur la <b>gestion de la douleur<\/b>. L&rsquo;id\u00e9e est d&rsquo;apporter du soulagement et d&rsquo;apprendre \u00e0 votre esprit \u00e0 installer plus de confort physique au quotidien.<\/p><p data-path-to-node=\"8\"><b>Avancer plus l\u00e9g\u00e8rement<\/b> Il arrive qu&rsquo;on remette souvent les choses au lendemain, ce qui peut devenir pesant. Pour sortir de la <b>procrastination<\/b>, l&rsquo;hypnose permet de lever les freins int\u00e9rieurs en douceur. Il ne s&rsquo;agit pas de se forcer, mais de retrouver l&rsquo;envie et l&rsquo;\u00e9lan naturel pour faire les choses simplement.<\/p>\t\t\t\t\t\t\t\t<\/div>\n\t\t\t\t<\/div>\n\t\t\t\t\t<\/div>\n\t\t\t\t<\/div>\n\t\t<div class=\"elementor-element elementor-element-78d0d3a e-grid e-con-boxed wpr-particle-no wpr-jarallax-no wpr-parallax-no wpr-sticky-section-no wpr-equal-height-no e-con e-parent\" data-id=\"78d0d3a\" data-element_type=\"container\" data-e-type=\"container\" data-settings=\"{&quot;background_background&quot;:&quot;classic&quot;}\">\n\t\t\t\t\t<div class=\"e-con-inner\">\n\t\t\t\t<div class=\"elementor-element elementor-element-60d14af elementor-widget elementor-widget-button\" data-id=\"60d14af\" data-element_type=\"widget\" data-e-type=\"widget\" data-widget_type=\"button.default\">\n\t\t\t\t\t\t\t\t\t\t<a class=\"elementor-button elementor-button-link elementor-size-sm\" href=\"https:\/\/www.espaces-des-possibles.fr\/#CHAMP\">\n\t\t\t\t\t\t<span class=\"elementor-button-content-wrapper\">\n\t\t\t\t\t\t\t\t\t<span class=\"elementor-button-text\">Retour<\/span>\n\t\t\t\t\t<\/span>\n\t\t\t\t\t<\/a>\n\t\t\t\t\t\t\t\t<\/div>\n\t\t\t\t<div class=\"elementor-element elementor-element-23f8421 elementor-widget elementor-widget-spacer\" data-id=\"23f8421\" data-element_type=\"widget\" data-e-type=\"widget\" data-widget_type=\"spacer.default\">\n\t\t\t\t\t\t\t<div class=\"elementor-spacer\">\n\t\t\t<div class=\"elementor-spacer-inner\"><\/div>\n\t\t<\/div>\n\t\t\t\t\t\t<\/div>\n\t\t\t\t\t<\/div>\n\t\t\t\t<\/div>\n\t\t\t\t<\/div>\n\t\t","protected":false},"excerpt":{"rendered":"<p>TRANSFORMATION DES COMPORTEMENTS ET HABITUDES Se lib\u00e9rer de ce qui nous p\u00e8se pour retrouver plus de libert\u00e9. Nous avons tous des habitudes ou des fa\u00e7ons de faire qui sont bien ancr\u00e9es en nous. Parfois, on aimerait changer, mais la volont\u00e9 ne suffit pas toujours. En tant que ma\u00eetre praticien en hypnose ericksonienne, je vous accompagne simplement pour d\u00e9nouer ce qui bloque et mettre en place de nouvelles fa\u00e7ons d&rsquo;\u00eatre, plus saines et plus agr\u00e9ables pour vous. Se lib\u00e9rer et se sentir mieux dans son corps L&rsquo;hypnose est une aide pr\u00e9cieuse pour se d\u00e9tacher d&rsquo;une habitude dont on ne veut plus. Que ce soit pour l&rsquo;arr\u00eat du tabac ou pour se lib\u00e9rer d&rsquo;autres addictions, nous travaillons \u00e0 renforcer votre envie d&rsquo;\u00eatre libre. C&rsquo;est aussi un accompagnement efficace pour la gestion du poids, afin d&rsquo;apaiser votre rapport \u00e0 l&rsquo;alimentation et retrouver un \u00e9quilibre naturel sans lutte. Retrouver le repos et le confort Quand le corps ne r\u00e9cup\u00e8re plus, tout devient difficile. Si votre sommeil est perturb\u00e9, l&rsquo;hypnose vous aide \u00e0 retrouver le chemin du calme pour mieux dormir et r\u00e9cup\u00e9rer une \u00e9nergie durable. De la m\u00eame fa\u00e7on, nous pouvons travailler sur la gestion de la douleur. L&rsquo;id\u00e9e est d&rsquo;apporter du soulagement et d&rsquo;apprendre \u00e0 votre esprit \u00e0 installer plus de confort physique au quotidien. Avancer plus l\u00e9g\u00e8rement Il arrive qu&rsquo;on remette souvent les choses au lendemain, ce qui peut devenir pesant. Pour sortir de la procrastination, l&rsquo;hypnose permet de lever les freins int\u00e9rieurs en douceur. Il ne s&rsquo;agit pas de se forcer, mais de retrouver l&rsquo;envie et l&rsquo;\u00e9lan naturel pour faire les choses simplement. Retour<\/p>\n","protected":false},"author":1,"featured_media":0,"parent":0,"menu_order":0,"comment_status":"closed","ping_status":"closed","template":"","meta":{"_joinchat":[],"footnotes":""},"class_list":["post-142","page","type-page","status-publish","hentry"],"yoast_head":"<!-- This site is optimized with the Yoast SEO plugin v27.5 - https:\/\/yoast.com\/product\/yoast-seo-wordpress\/ -->\n<title>TRANSFORMATION DES COMPORTEMENTS - Espaces des possibles<\/title>\n<meta name=\"robots\" content=\"index, follow, max-snippet:-1, max-image-preview:large, max-video-preview:-1\" \/>\n<link rel=\"canonical\" href=\"https:\/\/www.espaces-des-possibles.fr\/index.php\/transformation-des-comportements-2\/\" \/>\n<meta property=\"og:locale\" content=\"fr_FR\" \/>\n<meta property=\"og:type\" content=\"article\" \/>\n<meta property=\"og:title\" content=\"TRANSFORMATION DES COMPORTEMENTS - Espaces des possibles\" \/>\n<meta property=\"og:description\" content=\"TRANSFORMATION DES COMPORTEMENTS ET HABITUDES Se lib\u00e9rer de ce qui nous p\u00e8se pour retrouver plus de libert\u00e9. Nous avons tous des habitudes ou des fa\u00e7ons de faire qui sont bien ancr\u00e9es en nous. Parfois, on aimerait changer, mais la volont\u00e9 ne suffit pas toujours. En tant que ma\u00eetre praticien en hypnose ericksonienne, je vous accompagne simplement pour d\u00e9nouer ce qui bloque et mettre en place de nouvelles fa\u00e7ons d&rsquo;\u00eatre, plus saines et plus agr\u00e9ables pour vous. Se lib\u00e9rer et se sentir mieux dans son corps L&rsquo;hypnose est une aide pr\u00e9cieuse pour se d\u00e9tacher d&rsquo;une habitude dont on ne veut plus. Que ce soit pour l&rsquo;arr\u00eat du tabac ou pour se lib\u00e9rer d&rsquo;autres addictions, nous travaillons \u00e0 renforcer votre envie d&rsquo;\u00eatre libre. C&rsquo;est aussi un accompagnement efficace pour la gestion du poids, afin d&rsquo;apaiser votre rapport \u00e0 l&rsquo;alimentation et retrouver un \u00e9quilibre naturel sans lutte. Retrouver le repos et le confort Quand le corps ne r\u00e9cup\u00e8re plus, tout devient difficile. Si votre sommeil est perturb\u00e9, l&rsquo;hypnose vous aide \u00e0 retrouver le chemin du calme pour mieux dormir et r\u00e9cup\u00e9rer une \u00e9nergie durable. De la m\u00eame fa\u00e7on, nous pouvons travailler sur la gestion de la douleur. L&rsquo;id\u00e9e est d&rsquo;apporter du soulagement et d&rsquo;apprendre \u00e0 votre esprit \u00e0 installer plus de confort physique au quotidien. Avancer plus l\u00e9g\u00e8rement Il arrive qu&rsquo;on remette souvent les choses au lendemain, ce qui peut devenir pesant. Pour sortir de la procrastination, l&rsquo;hypnose permet de lever les freins int\u00e9rieurs en douceur. Il ne s&rsquo;agit pas de se forcer, mais de retrouver l&rsquo;envie et l&rsquo;\u00e9lan naturel pour faire les choses simplement. Retour\" \/>\n<meta property=\"og:url\" content=\"https:\/\/www.espaces-des-possibles.fr\/index.php\/transformation-des-comportements-2\/\" \/>\n<meta property=\"og:site_name\" content=\"Espaces des possibles\" \/>\n<meta property=\"article:modified_time\" content=\"2025-12-20T17:52:35+00:00\" \/>\n<meta property=\"og:image\" content=\"https:\/\/www.espaces-des-possibles.fr\/wp-content\/uploads\/2025\/12\/changement-comportement.jpeg\" \/>\n\t<meta property=\"og:image:width\" content=\"634\" \/>\n\t<meta property=\"og:image:height\" content=\"944\" \/>\n\t<meta property=\"og:image:type\" content=\"image\/jpeg\" \/>\n<meta name=\"twitter:card\" content=\"summary_large_image\" \/>\n<meta name=\"twitter:label1\" content=\"Dur\u00e9e de lecture estim\u00e9e\" \/>\n\t<meta name=\"twitter:data1\" content=\"2 minutes\" \/>\n<script type=\"application\/ld+json\" class=\"yoast-schema-graph\">{\"@context\":\"https:\\\/\\\/schema.org\",\"@graph\":[{\"@type\":\"WebPage\",\"@id\":\"https:\\\/\\\/www.espaces-des-possibles.fr\\\/index.php\\\/transformation-des-comportements-2\\\/\",\"url\":\"https:\\\/\\\/www.espaces-des-possibles.fr\\\/index.php\\\/transformation-des-comportements-2\\\/\",\"name\":\"TRANSFORMATION DES COMPORTEMENTS - Espaces des possibles\",\"isPartOf\":{\"@id\":\"https:\\\/\\\/www.espaces-des-possibles.fr\\\/#website\"},\"primaryImageOfPage\":{\"@id\":\"https:\\\/\\\/www.espaces-des-possibles.fr\\\/index.php\\\/transformation-des-comportements-2\\\/#primaryimage\"},\"image\":{\"@id\":\"https:\\\/\\\/www.espaces-des-possibles.fr\\\/index.php\\\/transformation-des-comportements-2\\\/#primaryimage\"},\"thumbnailUrl\":\"https:\\\/\\\/www.espaces-des-possibles.fr\\\/wp-content\\\/uploads\\\/2025\\\/12\\\/changement-comportement.jpeg\",\"datePublished\":\"2025-11-30T17:29:26+00:00\",\"dateModified\":\"2025-12-20T17:52:35+00:00\",\"breadcrumb\":{\"@id\":\"https:\\\/\\\/www.espaces-des-possibles.fr\\\/index.php\\\/transformation-des-comportements-2\\\/#breadcrumb\"},\"inLanguage\":\"fr-FR\",\"potentialAction\":[{\"@type\":\"ReadAction\",\"target\":[\"https:\\\/\\\/www.espaces-des-possibles.fr\\\/index.php\\\/transformation-des-comportements-2\\\/\"]}]},{\"@type\":\"ImageObject\",\"inLanguage\":\"fr-FR\",\"@id\":\"https:\\\/\\\/www.espaces-des-possibles.fr\\\/index.php\\\/transformation-des-comportements-2\\\/#primaryimage\",\"url\":\"https:\\\/\\\/www.espaces-des-possibles.fr\\\/wp-content\\\/uploads\\\/2025\\\/12\\\/changement-comportement.jpeg\",\"contentUrl\":\"https:\\\/\\\/www.espaces-des-possibles.fr\\\/wp-content\\\/uploads\\\/2025\\\/12\\\/changement-comportement.jpeg\",\"width\":634,\"height\":944},{\"@type\":\"BreadcrumbList\",\"@id\":\"https:\\\/\\\/www.espaces-des-possibles.fr\\\/index.php\\\/transformation-des-comportements-2\\\/#breadcrumb\",\"itemListElement\":[{\"@type\":\"ListItem\",\"position\":1,\"name\":\"Accueil\",\"item\":\"https:\\\/\\\/www.espaces-des-possibles.fr\\\/\"},{\"@type\":\"ListItem\",\"position\":2,\"name\":\"TRANSFORMATION DES COMPORTEMENTS\"}]},{\"@type\":\"WebSite\",\"@id\":\"https:\\\/\\\/www.espaces-des-possibles.fr\\\/#website\",\"url\":\"https:\\\/\\\/www.espaces-des-possibles.fr\\\/\",\"name\":\"Espaces des possibles\",\"description\":\"\",\"publisher\":{\"@id\":\"https:\\\/\\\/www.espaces-des-possibles.fr\\\/#\\\/schema\\\/person\\\/86e9e413a16603bd3013a1e134a32692\"},\"potentialAction\":[{\"@type\":\"SearchAction\",\"target\":{\"@type\":\"EntryPoint\",\"urlTemplate\":\"https:\\\/\\\/www.espaces-des-possibles.fr\\\/?s={search_term_string}\"},\"query-input\":{\"@type\":\"PropertyValueSpecification\",\"valueRequired\":true,\"valueName\":\"search_term_string\"}}],\"inLanguage\":\"fr-FR\"},{\"@type\":[\"Person\",\"Organization\"],\"@id\":\"https:\\\/\\\/www.espaces-des-possibles.fr\\\/#\\\/schema\\\/person\\\/86e9e413a16603bd3013a1e134a32692\",\"name\":\"Lionel\",\"image\":{\"@type\":\"ImageObject\",\"inLanguage\":\"fr-FR\",\"@id\":\"https:\\\/\\\/www.espaces-des-possibles.fr\\\/wp-content\\\/uploads\\\/2025\\\/12\\\/Logo-Espaces-des-Possibles.png\",\"url\":\"https:\\\/\\\/www.espaces-des-possibles.fr\\\/wp-content\\\/uploads\\\/2025\\\/12\\\/Logo-Espaces-des-Possibles.png\",\"contentUrl\":\"https:\\\/\\\/www.espaces-des-possibles.fr\\\/wp-content\\\/uploads\\\/2025\\\/12\\\/Logo-Espaces-des-Possibles.png\",\"width\":1353,\"height\":916,\"caption\":\"Lionel\"},\"logo\":{\"@id\":\"https:\\\/\\\/www.espaces-des-possibles.fr\\\/wp-content\\\/uploads\\\/2025\\\/12\\\/Logo-Espaces-des-Possibles.png\"},\"sameAs\":[\"http:\\\/\\\/www.espaces-des-possibles.fr\\\/www\"]}]}<\/script>\n<!-- \/ Yoast SEO plugin. -->","yoast_head_json":{"title":"TRANSFORMATION DES COMPORTEMENTS - Espaces des possibles","robots":{"index":"index","follow":"follow","max-snippet":"max-snippet:-1","max-image-preview":"max-image-preview:large","max-video-preview":"max-video-preview:-1"},"canonical":"https:\/\/www.espaces-des-possibles.fr\/index.php\/transformation-des-comportements-2\/","og_locale":"fr_FR","og_type":"article","og_title":"TRANSFORMATION DES COMPORTEMENTS - Espaces des possibles","og_description":"TRANSFORMATION DES COMPORTEMENTS ET HABITUDES Se lib\u00e9rer de ce qui nous p\u00e8se pour retrouver plus de libert\u00e9. Nous avons tous des habitudes ou des fa\u00e7ons de faire qui sont bien ancr\u00e9es en nous. Parfois, on aimerait changer, mais la volont\u00e9 ne suffit pas toujours. En tant que ma\u00eetre praticien en hypnose ericksonienne, je vous accompagne simplement pour d\u00e9nouer ce qui bloque et mettre en place de nouvelles fa\u00e7ons d&rsquo;\u00eatre, plus saines et plus agr\u00e9ables pour vous. Se lib\u00e9rer et se sentir mieux dans son corps L&rsquo;hypnose est une aide pr\u00e9cieuse pour se d\u00e9tacher d&rsquo;une habitude dont on ne veut plus. Que ce soit pour l&rsquo;arr\u00eat du tabac ou pour se lib\u00e9rer d&rsquo;autres addictions, nous travaillons \u00e0 renforcer votre envie d&rsquo;\u00eatre libre. C&rsquo;est aussi un accompagnement efficace pour la gestion du poids, afin d&rsquo;apaiser votre rapport \u00e0 l&rsquo;alimentation et retrouver un \u00e9quilibre naturel sans lutte. Retrouver le repos et le confort Quand le corps ne r\u00e9cup\u00e8re plus, tout devient difficile. Si votre sommeil est perturb\u00e9, l&rsquo;hypnose vous aide \u00e0 retrouver le chemin du calme pour mieux dormir et r\u00e9cup\u00e9rer une \u00e9nergie durable. De la m\u00eame fa\u00e7on, nous pouvons travailler sur la gestion de la douleur. L&rsquo;id\u00e9e est d&rsquo;apporter du soulagement et d&rsquo;apprendre \u00e0 votre esprit \u00e0 installer plus de confort physique au quotidien. Avancer plus l\u00e9g\u00e8rement Il arrive qu&rsquo;on remette souvent les choses au lendemain, ce qui peut devenir pesant. Pour sortir de la procrastination, l&rsquo;hypnose permet de lever les freins int\u00e9rieurs en douceur. Il ne s&rsquo;agit pas de se forcer, mais de retrouver l&rsquo;envie et l&rsquo;\u00e9lan naturel pour faire les choses simplement. Retour","og_url":"https:\/\/www.espaces-des-possibles.fr\/index.php\/transformation-des-comportements-2\/","og_site_name":"Espaces des possibles","article_modified_time":"2025-12-20T17:52:35+00:00","og_image":[{"width":634,"height":944,"url":"https:\/\/www.espaces-des-possibles.fr\/wp-content\/uploads\/2025\/12\/changement-comportement.jpeg","type":"image\/jpeg"}],"twitter_card":"summary_large_image","twitter_misc":{"Dur\u00e9e de lecture estim\u00e9e":"2 minutes"},"schema":{"@context":"https:\/\/schema.org","@graph":[{"@type":"WebPage","@id":"https:\/\/www.espaces-des-possibles.fr\/index.php\/transformation-des-comportements-2\/","url":"https:\/\/www.espaces-des-possibles.fr\/index.php\/transformation-des-comportements-2\/","name":"TRANSFORMATION DES COMPORTEMENTS - Espaces des possibles","isPartOf":{"@id":"https:\/\/www.espaces-des-possibles.fr\/#website"},"primaryImageOfPage":{"@id":"https:\/\/www.espaces-des-possibles.fr\/index.php\/transformation-des-comportements-2\/#primaryimage"},"image":{"@id":"https:\/\/www.espaces-des-possibles.fr\/index.php\/transformation-des-comportements-2\/#primaryimage"},"thumbnailUrl":"https:\/\/www.espaces-des-possibles.fr\/wp-content\/uploads\/2025\/12\/changement-comportement.jpeg","datePublished":"2025-11-30T17:29:26+00:00","dateModified":"2025-12-20T17:52:35+00:00","breadcrumb":{"@id":"https:\/\/www.espaces-des-possibles.fr\/index.php\/transformation-des-comportements-2\/#breadcrumb"},"inLanguage":"fr-FR","potentialAction":[{"@type":"ReadAction","target":["https:\/\/www.espaces-des-possibles.fr\/index.php\/transformation-des-comportements-2\/"]}]},{"@type":"ImageObject","inLanguage":"fr-FR","@id":"https:\/\/www.espaces-des-possibles.fr\/index.php\/transformation-des-comportements-2\/#primaryimage","url":"https:\/\/www.espaces-des-possibles.fr\/wp-content\/uploads\/2025\/12\/changement-comportement.jpeg","contentUrl":"https:\/\/www.espaces-des-possibles.fr\/wp-content\/uploads\/2025\/12\/changement-comportement.jpeg","width":634,"height":944},{"@type":"BreadcrumbList","@id":"https:\/\/www.espaces-des-possibles.fr\/index.php\/transformation-des-comportements-2\/#breadcrumb","itemListElement":[{"@type":"ListItem","position":1,"name":"Accueil","item":"https:\/\/www.espaces-des-possibles.fr\/"},{"@type":"ListItem","position":2,"name":"TRANSFORMATION DES COMPORTEMENTS"}]},{"@type":"WebSite","@id":"https:\/\/www.espaces-des-possibles.fr\/#website","url":"https:\/\/www.espaces-des-possibles.fr\/","name":"Espaces des possibles","description":"","publisher":{"@id":"https:\/\/www.espaces-des-possibles.fr\/#\/schema\/person\/86e9e413a16603bd3013a1e134a32692"},"potentialAction":[{"@type":"SearchAction","target":{"@type":"EntryPoint","urlTemplate":"https:\/\/www.espaces-des-possibles.fr\/?s={search_term_string}"},"query-input":{"@type":"PropertyValueSpecification","valueRequired":true,"valueName":"search_term_string"}}],"inLanguage":"fr-FR"},{"@type":["Person","Organization"],"@id":"https:\/\/www.espaces-des-possibles.fr\/#\/schema\/person\/86e9e413a16603bd3013a1e134a32692","name":"Lionel","image":{"@type":"ImageObject","inLanguage":"fr-FR","@id":"https:\/\/www.espaces-des-possibles.fr\/wp-content\/uploads\/2025\/12\/Logo-Espaces-des-Possibles.png","url":"https:\/\/www.espaces-des-possibles.fr\/wp-content\/uploads\/2025\/12\/Logo-Espaces-des-Possibles.png","contentUrl":"https:\/\/www.espaces-des-possibles.fr\/wp-content\/uploads\/2025\/12\/Logo-Espaces-des-Possibles.png","width":1353,"height":916,"caption":"Lionel"},"logo":{"@id":"https:\/\/www.espaces-des-possibles.fr\/wp-content\/uploads\/2025\/12\/Logo-Espaces-des-Possibles.png"},"sameAs":["http:\/\/www.espaces-des-possibles.fr\/www"]}]}},"_links":{"self":[{"href":"https:\/\/www.espaces-des-possibles.fr\/index.php\/wp-json\/wp\/v2\/pages\/142","targetHints":{"allow":["GET"]}}],"collection":[{"href":"https:\/\/www.espaces-des-possibles.fr\/index.php\/wp-json\/wp\/v2\/pages"}],"about":[{"href":"https:\/\/www.espaces-des-possibles.fr\/index.php\/wp-json\/wp\/v2\/types\/page"}],"author":[{"embeddable":true,"href":"https:\/\/www.espaces-des-possibles.fr\/index.php\/wp-json\/wp\/v2\/users\/1"}],"replies":[{"embeddable":true,"href":"https:\/\/www.espaces-des-possibles.fr\/index.php\/wp-json\/wp\/v2\/comments?post=142"}],"version-history":[{"count":22,"href":"https:\/\/www.espaces-des-possibles.fr\/index.php\/wp-json\/wp\/v2\/pages\/142\/revisions"}],"predecessor-version":[{"id":430,"href":"https:\/\/www.espaces-des-possibles.fr\/index.php\/wp-json\/wp\/v2\/pages\/142\/revisions\/430"}],"wp:attachment":[{"href":"https:\/\/www.espaces-des-possibles.fr\/index.php\/wp-json\/wp\/v2\/media?parent=142"}],"curies":[{"name":"wp","href":"https:\/\/api.w.org\/{rel}","templated":true}]}}