{"id":150,"date":"2025-11-30T17:32:45","date_gmt":"2025-11-30T17:32:45","guid":{"rendered":"https:\/\/www.espaces-des-possibles.fr\/www\/?page_id=150"},"modified":"2025-12-20T17:48:39","modified_gmt":"2025-12-20T17:48:39","slug":"developpement-personnel","status":"publish","type":"page","link":"https:\/\/www.espaces-des-possibles.fr\/index.php\/developpement-personnel\/","title":{"rendered":"DEVELOPPEMENT PERSONNEL"},"content":{"rendered":"\t\t<div data-elementor-type=\"wp-page\" data-elementor-id=\"150\" class=\"elementor elementor-150\">\n\t\t\t\t<div class=\"elementor-element elementor-element-f29e08e e-flex e-con-boxed wpr-particle-no wpr-jarallax-no wpr-parallax-no wpr-sticky-section-no wpr-equal-height-no e-con e-parent\" data-id=\"f29e08e\" data-element_type=\"container\" data-e-type=\"container\" id=\"DEVELOPPEMENT\" data-settings=\"{&quot;background_background&quot;:&quot;classic&quot;}\">\n\t\t\t\t\t<div class=\"e-con-inner\">\n\t\t\t\t<div class=\"elementor-element elementor-element-48e21e4 elementor-widget elementor-widget-heading\" data-id=\"48e21e4\" data-element_type=\"widget\" data-e-type=\"widget\" data-widget_type=\"heading.default\">\n\t\t\t\t\t<h2 class=\"elementor-heading-title elementor-size-default\">DEVELOPPEMENT PERSONNEL<\/h2>\t\t\t\t<\/div>\n\t\t\t\t\t<\/div>\n\t\t\t\t<\/div>\n\t\t<div class=\"elementor-element elementor-element-69cabae e-flex e-con-boxed wpr-particle-no wpr-jarallax-no wpr-parallax-no wpr-sticky-section-no wpr-equal-height-no e-con e-parent\" data-id=\"69cabae\" data-element_type=\"container\" data-e-type=\"container\" data-settings=\"{&quot;background_background&quot;:&quot;classic&quot;}\">\n\t\t\t\t\t<div class=\"e-con-inner\">\n\t\t<div class=\"elementor-element elementor-element-75c384a e-con-full e-flex wpr-particle-no wpr-jarallax-no wpr-parallax-no wpr-sticky-section-no wpr-equal-height-no e-con e-child\" data-id=\"75c384a\" data-element_type=\"container\" data-e-type=\"container\">\n\t\t\t\t<div class=\"elementor-element elementor-element-54d8ad9 elementor-widget elementor-widget-image\" data-id=\"54d8ad9\" data-element_type=\"widget\" data-e-type=\"widget\" data-widget_type=\"image.default\">\n\t\t\t\t\t\t\t\t\t\t\t\t\t\t\t<img fetchpriority=\"high\" decoding=\"async\" width=\"634\" height=\"944\" src=\"https:\/\/www.espaces-des-possibles.fr\/wp-content\/uploads\/2025\/12\/developpement-personnel.jpeg\" class=\"attachment-large size-large wp-image-399\" alt=\"\" srcset=\"https:\/\/www.espaces-des-possibles.fr\/wp-content\/uploads\/2025\/12\/developpement-personnel.jpeg 634w, https:\/\/www.espaces-des-possibles.fr\/wp-content\/uploads\/2025\/12\/developpement-personnel-201x300.jpeg 201w\" sizes=\"(max-width: 634px) 100vw, 634px\" \/>\t\t\t\t\t\t\t\t\t\t\t\t\t\t\t<\/div>\n\t\t\t\t<\/div>\n\t\t<div class=\"elementor-element elementor-element-2caaa66 e-con-full e-flex wpr-particle-no wpr-jarallax-no wpr-parallax-no wpr-sticky-section-no wpr-equal-height-no e-con e-child\" data-id=\"2caaa66\" data-element_type=\"container\" data-e-type=\"container\">\n\t\t\t\t<div class=\"elementor-element elementor-element-d2e8d73 elementor-widget elementor-widget-text-editor\" data-id=\"d2e8d73\" data-element_type=\"widget\" data-e-type=\"widget\" data-widget_type=\"text-editor.default\">\n\t\t\t\t\t\t\t\t\t<p data-path-to-node=\"20\"><b>Mieux se conna\u00eetre pour avancer sereinement.<\/b><\/p><p data-path-to-node=\"21\">Le <b>d\u00e9veloppement personnel<\/b>, c&rsquo;est avant tout prendre un temps pour soi afin de mieux comprendre comment on fonctionne. Je vous accompagne simplement \u00e0 d\u00e9couvrir et utiliser les ressources que vous avez d\u00e9j\u00e0 en vous. L&rsquo;hypnose permet de lever les freins qui vous retiennent et de faciliter votre \u00e9volution, pour vous sentir plus align\u00e9 dans votre vie.<\/p><p data-path-to-node=\"22\"><b>Se pr\u00e9parer aux moments importants<\/b> Que ce soit pour un d\u00e9fi sportif ou intellectuel, le stress peut parfois nous faire perdre nos moyens. Gr\u00e2ce \u00e0 la <b>pr\u00e9paration mentale<\/b> sous hypnose, nous travaillons \u00e0 installer du calme et de la confiance. C&rsquo;est une aide pr\u00e9cieuse pour la <b>pr\u00e9paration aux examens<\/b> ou aux <b>comp\u00e9titions<\/b>, afin d&rsquo;aborder ces \u00e9v\u00e9nements avec tranquillit\u00e9 et assurance, en \u00e9tant pleinement vous-m\u00eame.<\/p><p data-path-to-node=\"23\"><b>Y voir plus clair et renforcer ses atouts<\/b> Nous avons tous des qualit\u00e9s que nous n&rsquo;utilisons pas toujours compl\u00e8tement. L&rsquo;accompagnement favorise l&rsquo;<b>am\u00e9lioration des capacit\u00e9s<\/b> comme la m\u00e9moire, l&rsquo;attention ou la cr\u00e9ativit\u00e9. L&rsquo;hypnose permet aussi de faire le silence en soi lorsque vous h\u00e9sitez. En apaisant le mental, la <b>prise de d\u00e9cision<\/b> devient plus simple et plus naturelle, qu&rsquo;il s&rsquo;agisse d&rsquo;un choix professionnel ou personnel.<\/p><p data-path-to-node=\"24\"><b>S&rsquo;adapter aux \u00e9tapes de la vie<\/b> La vie est faite de mouvements : changement de travail, d\u00e9part \u00e0 la retraite, d\u00e9m\u00e9nagement&#8230; Parfois, on a du mal \u00e0 trouver ses marques. Ce travail sur soi facilite l&rsquo;<b>adaptation au changement<\/b>. Il vous aide \u00e0 traverser ces transitions avec moins d&rsquo;appr\u00e9hension et plus de souplesse, pour vous sentir bien dans votre nouvelle r\u00e9alit\u00e9.<\/p>\t\t\t\t\t\t\t\t<\/div>\n\t\t\t\t<\/div>\n\t\t\t\t\t<\/div>\n\t\t\t\t<\/div>\n\t\t<div class=\"elementor-element elementor-element-78d0d3a e-grid e-con-boxed wpr-particle-no wpr-jarallax-no wpr-parallax-no wpr-sticky-section-no wpr-equal-height-no e-con e-parent\" data-id=\"78d0d3a\" data-element_type=\"container\" data-e-type=\"container\" data-settings=\"{&quot;background_background&quot;:&quot;classic&quot;}\">\n\t\t\t\t\t<div class=\"e-con-inner\">\n\t\t\t\t<div class=\"elementor-element elementor-element-60d14af elementor-widget elementor-widget-button\" data-id=\"60d14af\" data-element_type=\"widget\" data-e-type=\"widget\" data-widget_type=\"button.default\">\n\t\t\t\t\t\t\t\t\t\t<a class=\"elementor-button elementor-button-link elementor-size-sm\" href=\"https:\/\/www.espaces-des-possibles.fr\/#CHAMP\">\n\t\t\t\t\t\t<span class=\"elementor-button-content-wrapper\">\n\t\t\t\t\t\t\t\t\t<span class=\"elementor-button-text\">Retour<\/span>\n\t\t\t\t\t<\/span>\n\t\t\t\t\t<\/a>\n\t\t\t\t\t\t\t\t<\/div>\n\t\t\t\t<div class=\"elementor-element elementor-element-5918875 elementor-widget elementor-widget-spacer\" data-id=\"5918875\" data-element_type=\"widget\" data-e-type=\"widget\" data-widget_type=\"spacer.default\">\n\t\t\t\t\t\t\t<div class=\"elementor-spacer\">\n\t\t\t<div class=\"elementor-spacer-inner\"><\/div>\n\t\t<\/div>\n\t\t\t\t\t\t<\/div>\n\t\t\t\t\t<\/div>\n\t\t\t\t<\/div>\n\t\t\t\t<\/div>\n\t\t","protected":false},"excerpt":{"rendered":"<p>DEVELOPPEMENT PERSONNEL Mieux se conna\u00eetre pour avancer sereinement. Le d\u00e9veloppement personnel, c&rsquo;est avant tout prendre un temps pour soi afin de mieux comprendre comment on fonctionne. Je vous accompagne simplement \u00e0 d\u00e9couvrir et utiliser les ressources que vous avez d\u00e9j\u00e0 en vous. L&rsquo;hypnose permet de lever les freins qui vous retiennent et de faciliter votre \u00e9volution, pour vous sentir plus align\u00e9 dans votre vie. Se pr\u00e9parer aux moments importants Que ce soit pour un d\u00e9fi sportif ou intellectuel, le stress peut parfois nous faire perdre nos moyens. Gr\u00e2ce \u00e0 la pr\u00e9paration mentale sous hypnose, nous travaillons \u00e0 installer du calme et de la confiance. C&rsquo;est une aide pr\u00e9cieuse pour la pr\u00e9paration aux examens ou aux comp\u00e9titions, afin d&rsquo;aborder ces \u00e9v\u00e9nements avec tranquillit\u00e9 et assurance, en \u00e9tant pleinement vous-m\u00eame. Y voir plus clair et renforcer ses atouts Nous avons tous des qualit\u00e9s que nous n&rsquo;utilisons pas toujours compl\u00e8tement. L&rsquo;accompagnement favorise l&rsquo;am\u00e9lioration des capacit\u00e9s comme la m\u00e9moire, l&rsquo;attention ou la cr\u00e9ativit\u00e9. L&rsquo;hypnose permet aussi de faire le silence en soi lorsque vous h\u00e9sitez. En apaisant le mental, la prise de d\u00e9cision devient plus simple et plus naturelle, qu&rsquo;il s&rsquo;agisse d&rsquo;un choix professionnel ou personnel. S&rsquo;adapter aux \u00e9tapes de la vie La vie est faite de mouvements : changement de travail, d\u00e9part \u00e0 la retraite, d\u00e9m\u00e9nagement&#8230; Parfois, on a du mal \u00e0 trouver ses marques. Ce travail sur soi facilite l&rsquo;adaptation au changement. Il vous aide \u00e0 traverser ces transitions avec moins d&rsquo;appr\u00e9hension et plus de souplesse, pour vous sentir bien dans votre nouvelle r\u00e9alit\u00e9. Retour<\/p>\n","protected":false},"author":1,"featured_media":0,"parent":0,"menu_order":0,"comment_status":"closed","ping_status":"closed","template":"","meta":{"_joinchat":[],"footnotes":""},"class_list":["post-150","page","type-page","status-publish","hentry"],"yoast_head":"<!-- This site is optimized with the Yoast SEO plugin v27.5 - https:\/\/yoast.com\/product\/yoast-seo-wordpress\/ -->\n<title>DEVELOPPEMENT PERSONNEL - Espaces des possibles<\/title>\n<meta name=\"robots\" content=\"index, follow, max-snippet:-1, max-image-preview:large, max-video-preview:-1\" \/>\n<link rel=\"canonical\" href=\"https:\/\/www.espaces-des-possibles.fr\/index.php\/developpement-personnel\/\" \/>\n<meta property=\"og:locale\" content=\"fr_FR\" \/>\n<meta property=\"og:type\" content=\"article\" \/>\n<meta property=\"og:title\" content=\"DEVELOPPEMENT PERSONNEL - Espaces des possibles\" \/>\n<meta property=\"og:description\" content=\"DEVELOPPEMENT PERSONNEL Mieux se conna\u00eetre pour avancer sereinement. Le d\u00e9veloppement personnel, c&rsquo;est avant tout prendre un temps pour soi afin de mieux comprendre comment on fonctionne. Je vous accompagne simplement \u00e0 d\u00e9couvrir et utiliser les ressources que vous avez d\u00e9j\u00e0 en vous. L&rsquo;hypnose permet de lever les freins qui vous retiennent et de faciliter votre \u00e9volution, pour vous sentir plus align\u00e9 dans votre vie. Se pr\u00e9parer aux moments importants Que ce soit pour un d\u00e9fi sportif ou intellectuel, le stress peut parfois nous faire perdre nos moyens. Gr\u00e2ce \u00e0 la pr\u00e9paration mentale sous hypnose, nous travaillons \u00e0 installer du calme et de la confiance. C&rsquo;est une aide pr\u00e9cieuse pour la pr\u00e9paration aux examens ou aux comp\u00e9titions, afin d&rsquo;aborder ces \u00e9v\u00e9nements avec tranquillit\u00e9 et assurance, en \u00e9tant pleinement vous-m\u00eame. Y voir plus clair et renforcer ses atouts Nous avons tous des qualit\u00e9s que nous n&rsquo;utilisons pas toujours compl\u00e8tement. L&rsquo;accompagnement favorise l&rsquo;am\u00e9lioration des capacit\u00e9s comme la m\u00e9moire, l&rsquo;attention ou la cr\u00e9ativit\u00e9. L&rsquo;hypnose permet aussi de faire le silence en soi lorsque vous h\u00e9sitez. En apaisant le mental, la prise de d\u00e9cision devient plus simple et plus naturelle, qu&rsquo;il s&rsquo;agisse d&rsquo;un choix professionnel ou personnel. S&rsquo;adapter aux \u00e9tapes de la vie La vie est faite de mouvements : changement de travail, d\u00e9part \u00e0 la retraite, d\u00e9m\u00e9nagement&#8230; Parfois, on a du mal \u00e0 trouver ses marques. Ce travail sur soi facilite l&rsquo;adaptation au changement. Il vous aide \u00e0 traverser ces transitions avec moins d&rsquo;appr\u00e9hension et plus de souplesse, pour vous sentir bien dans votre nouvelle r\u00e9alit\u00e9. Retour\" \/>\n<meta property=\"og:url\" content=\"https:\/\/www.espaces-des-possibles.fr\/index.php\/developpement-personnel\/\" \/>\n<meta property=\"og:site_name\" content=\"Espaces des possibles\" \/>\n<meta property=\"article:modified_time\" content=\"2025-12-20T17:48:39+00:00\" \/>\n<meta property=\"og:image\" content=\"https:\/\/www.espaces-des-possibles.fr\/wp-content\/uploads\/2025\/12\/developpement-personnel.jpeg\" \/>\n\t<meta property=\"og:image:width\" content=\"634\" \/>\n\t<meta property=\"og:image:height\" content=\"944\" \/>\n\t<meta property=\"og:image:type\" content=\"image\/jpeg\" \/>\n<meta name=\"twitter:card\" content=\"summary_large_image\" \/>\n<meta name=\"twitter:label1\" content=\"Dur\u00e9e de lecture estim\u00e9e\" \/>\n\t<meta name=\"twitter:data1\" content=\"2 minutes\" \/>\n<script type=\"application\/ld+json\" class=\"yoast-schema-graph\">{\"@context\":\"https:\\\/\\\/schema.org\",\"@graph\":[{\"@type\":\"WebPage\",\"@id\":\"https:\\\/\\\/www.espaces-des-possibles.fr\\\/index.php\\\/developpement-personnel\\\/\",\"url\":\"https:\\\/\\\/www.espaces-des-possibles.fr\\\/index.php\\\/developpement-personnel\\\/\",\"name\":\"DEVELOPPEMENT PERSONNEL - Espaces des possibles\",\"isPartOf\":{\"@id\":\"https:\\\/\\\/www.espaces-des-possibles.fr\\\/#website\"},\"primaryImageOfPage\":{\"@id\":\"https:\\\/\\\/www.espaces-des-possibles.fr\\\/index.php\\\/developpement-personnel\\\/#primaryimage\"},\"image\":{\"@id\":\"https:\\\/\\\/www.espaces-des-possibles.fr\\\/index.php\\\/developpement-personnel\\\/#primaryimage\"},\"thumbnailUrl\":\"https:\\\/\\\/www.espaces-des-possibles.fr\\\/wp-content\\\/uploads\\\/2025\\\/12\\\/developpement-personnel.jpeg\",\"datePublished\":\"2025-11-30T17:32:45+00:00\",\"dateModified\":\"2025-12-20T17:48:39+00:00\",\"breadcrumb\":{\"@id\":\"https:\\\/\\\/www.espaces-des-possibles.fr\\\/index.php\\\/developpement-personnel\\\/#breadcrumb\"},\"inLanguage\":\"fr-FR\",\"potentialAction\":[{\"@type\":\"ReadAction\",\"target\":[\"https:\\\/\\\/www.espaces-des-possibles.fr\\\/index.php\\\/developpement-personnel\\\/\"]}]},{\"@type\":\"ImageObject\",\"inLanguage\":\"fr-FR\",\"@id\":\"https:\\\/\\\/www.espaces-des-possibles.fr\\\/index.php\\\/developpement-personnel\\\/#primaryimage\",\"url\":\"https:\\\/\\\/www.espaces-des-possibles.fr\\\/wp-content\\\/uploads\\\/2025\\\/12\\\/developpement-personnel.jpeg\",\"contentUrl\":\"https:\\\/\\\/www.espaces-des-possibles.fr\\\/wp-content\\\/uploads\\\/2025\\\/12\\\/developpement-personnel.jpeg\",\"width\":634,\"height\":944},{\"@type\":\"BreadcrumbList\",\"@id\":\"https:\\\/\\\/www.espaces-des-possibles.fr\\\/index.php\\\/developpement-personnel\\\/#breadcrumb\",\"itemListElement\":[{\"@type\":\"ListItem\",\"position\":1,\"name\":\"Accueil\",\"item\":\"https:\\\/\\\/www.espaces-des-possibles.fr\\\/\"},{\"@type\":\"ListItem\",\"position\":2,\"name\":\"DEVELOPPEMENT PERSONNEL\"}]},{\"@type\":\"WebSite\",\"@id\":\"https:\\\/\\\/www.espaces-des-possibles.fr\\\/#website\",\"url\":\"https:\\\/\\\/www.espaces-des-possibles.fr\\\/\",\"name\":\"Espaces des possibles\",\"description\":\"\",\"publisher\":{\"@id\":\"https:\\\/\\\/www.espaces-des-possibles.fr\\\/#\\\/schema\\\/person\\\/86e9e413a16603bd3013a1e134a32692\"},\"potentialAction\":[{\"@type\":\"SearchAction\",\"target\":{\"@type\":\"EntryPoint\",\"urlTemplate\":\"https:\\\/\\\/www.espaces-des-possibles.fr\\\/?s={search_term_string}\"},\"query-input\":{\"@type\":\"PropertyValueSpecification\",\"valueRequired\":true,\"valueName\":\"search_term_string\"}}],\"inLanguage\":\"fr-FR\"},{\"@type\":[\"Person\",\"Organization\"],\"@id\":\"https:\\\/\\\/www.espaces-des-possibles.fr\\\/#\\\/schema\\\/person\\\/86e9e413a16603bd3013a1e134a32692\",\"name\":\"Lionel\",\"image\":{\"@type\":\"ImageObject\",\"inLanguage\":\"fr-FR\",\"@id\":\"https:\\\/\\\/www.espaces-des-possibles.fr\\\/wp-content\\\/uploads\\\/2025\\\/12\\\/Logo-Espaces-des-Possibles.png\",\"url\":\"https:\\\/\\\/www.espaces-des-possibles.fr\\\/wp-content\\\/uploads\\\/2025\\\/12\\\/Logo-Espaces-des-Possibles.png\",\"contentUrl\":\"https:\\\/\\\/www.espaces-des-possibles.fr\\\/wp-content\\\/uploads\\\/2025\\\/12\\\/Logo-Espaces-des-Possibles.png\",\"width\":1353,\"height\":916,\"caption\":\"Lionel\"},\"logo\":{\"@id\":\"https:\\\/\\\/www.espaces-des-possibles.fr\\\/wp-content\\\/uploads\\\/2025\\\/12\\\/Logo-Espaces-des-Possibles.png\"},\"sameAs\":[\"http:\\\/\\\/www.espaces-des-possibles.fr\\\/www\"]}]}<\/script>\n<!-- \/ Yoast SEO plugin. -->","yoast_head_json":{"title":"DEVELOPPEMENT PERSONNEL - Espaces des possibles","robots":{"index":"index","follow":"follow","max-snippet":"max-snippet:-1","max-image-preview":"max-image-preview:large","max-video-preview":"max-video-preview:-1"},"canonical":"https:\/\/www.espaces-des-possibles.fr\/index.php\/developpement-personnel\/","og_locale":"fr_FR","og_type":"article","og_title":"DEVELOPPEMENT PERSONNEL - Espaces des possibles","og_description":"DEVELOPPEMENT PERSONNEL Mieux se conna\u00eetre pour avancer sereinement. Le d\u00e9veloppement personnel, c&rsquo;est avant tout prendre un temps pour soi afin de mieux comprendre comment on fonctionne. Je vous accompagne simplement \u00e0 d\u00e9couvrir et utiliser les ressources que vous avez d\u00e9j\u00e0 en vous. L&rsquo;hypnose permet de lever les freins qui vous retiennent et de faciliter votre \u00e9volution, pour vous sentir plus align\u00e9 dans votre vie. Se pr\u00e9parer aux moments importants Que ce soit pour un d\u00e9fi sportif ou intellectuel, le stress peut parfois nous faire perdre nos moyens. Gr\u00e2ce \u00e0 la pr\u00e9paration mentale sous hypnose, nous travaillons \u00e0 installer du calme et de la confiance. C&rsquo;est une aide pr\u00e9cieuse pour la pr\u00e9paration aux examens ou aux comp\u00e9titions, afin d&rsquo;aborder ces \u00e9v\u00e9nements avec tranquillit\u00e9 et assurance, en \u00e9tant pleinement vous-m\u00eame. Y voir plus clair et renforcer ses atouts Nous avons tous des qualit\u00e9s que nous n&rsquo;utilisons pas toujours compl\u00e8tement. L&rsquo;accompagnement favorise l&rsquo;am\u00e9lioration des capacit\u00e9s comme la m\u00e9moire, l&rsquo;attention ou la cr\u00e9ativit\u00e9. L&rsquo;hypnose permet aussi de faire le silence en soi lorsque vous h\u00e9sitez. En apaisant le mental, la prise de d\u00e9cision devient plus simple et plus naturelle, qu&rsquo;il s&rsquo;agisse d&rsquo;un choix professionnel ou personnel. S&rsquo;adapter aux \u00e9tapes de la vie La vie est faite de mouvements : changement de travail, d\u00e9part \u00e0 la retraite, d\u00e9m\u00e9nagement&#8230; Parfois, on a du mal \u00e0 trouver ses marques. Ce travail sur soi facilite l&rsquo;adaptation au changement. Il vous aide \u00e0 traverser ces transitions avec moins d&rsquo;appr\u00e9hension et plus de souplesse, pour vous sentir bien dans votre nouvelle r\u00e9alit\u00e9. Retour","og_url":"https:\/\/www.espaces-des-possibles.fr\/index.php\/developpement-personnel\/","og_site_name":"Espaces des possibles","article_modified_time":"2025-12-20T17:48:39+00:00","og_image":[{"width":634,"height":944,"url":"https:\/\/www.espaces-des-possibles.fr\/wp-content\/uploads\/2025\/12\/developpement-personnel.jpeg","type":"image\/jpeg"}],"twitter_card":"summary_large_image","twitter_misc":{"Dur\u00e9e de lecture estim\u00e9e":"2 minutes"},"schema":{"@context":"https:\/\/schema.org","@graph":[{"@type":"WebPage","@id":"https:\/\/www.espaces-des-possibles.fr\/index.php\/developpement-personnel\/","url":"https:\/\/www.espaces-des-possibles.fr\/index.php\/developpement-personnel\/","name":"DEVELOPPEMENT PERSONNEL - Espaces des possibles","isPartOf":{"@id":"https:\/\/www.espaces-des-possibles.fr\/#website"},"primaryImageOfPage":{"@id":"https:\/\/www.espaces-des-possibles.fr\/index.php\/developpement-personnel\/#primaryimage"},"image":{"@id":"https:\/\/www.espaces-des-possibles.fr\/index.php\/developpement-personnel\/#primaryimage"},"thumbnailUrl":"https:\/\/www.espaces-des-possibles.fr\/wp-content\/uploads\/2025\/12\/developpement-personnel.jpeg","datePublished":"2025-11-30T17:32:45+00:00","dateModified":"2025-12-20T17:48:39+00:00","breadcrumb":{"@id":"https:\/\/www.espaces-des-possibles.fr\/index.php\/developpement-personnel\/#breadcrumb"},"inLanguage":"fr-FR","potentialAction":[{"@type":"ReadAction","target":["https:\/\/www.espaces-des-possibles.fr\/index.php\/developpement-personnel\/"]}]},{"@type":"ImageObject","inLanguage":"fr-FR","@id":"https:\/\/www.espaces-des-possibles.fr\/index.php\/developpement-personnel\/#primaryimage","url":"https:\/\/www.espaces-des-possibles.fr\/wp-content\/uploads\/2025\/12\/developpement-personnel.jpeg","contentUrl":"https:\/\/www.espaces-des-possibles.fr\/wp-content\/uploads\/2025\/12\/developpement-personnel.jpeg","width":634,"height":944},{"@type":"BreadcrumbList","@id":"https:\/\/www.espaces-des-possibles.fr\/index.php\/developpement-personnel\/#breadcrumb","itemListElement":[{"@type":"ListItem","position":1,"name":"Accueil","item":"https:\/\/www.espaces-des-possibles.fr\/"},{"@type":"ListItem","position":2,"name":"DEVELOPPEMENT PERSONNEL"}]},{"@type":"WebSite","@id":"https:\/\/www.espaces-des-possibles.fr\/#website","url":"https:\/\/www.espaces-des-possibles.fr\/","name":"Espaces des possibles","description":"","publisher":{"@id":"https:\/\/www.espaces-des-possibles.fr\/#\/schema\/person\/86e9e413a16603bd3013a1e134a32692"},"potentialAction":[{"@type":"SearchAction","target":{"@type":"EntryPoint","urlTemplate":"https:\/\/www.espaces-des-possibles.fr\/?s={search_term_string}"},"query-input":{"@type":"PropertyValueSpecification","valueRequired":true,"valueName":"search_term_string"}}],"inLanguage":"fr-FR"},{"@type":["Person","Organization"],"@id":"https:\/\/www.espaces-des-possibles.fr\/#\/schema\/person\/86e9e413a16603bd3013a1e134a32692","name":"Lionel","image":{"@type":"ImageObject","inLanguage":"fr-FR","@id":"https:\/\/www.espaces-des-possibles.fr\/wp-content\/uploads\/2025\/12\/Logo-Espaces-des-Possibles.png","url":"https:\/\/www.espaces-des-possibles.fr\/wp-content\/uploads\/2025\/12\/Logo-Espaces-des-Possibles.png","contentUrl":"https:\/\/www.espaces-des-possibles.fr\/wp-content\/uploads\/2025\/12\/Logo-Espaces-des-Possibles.png","width":1353,"height":916,"caption":"Lionel"},"logo":{"@id":"https:\/\/www.espaces-des-possibles.fr\/wp-content\/uploads\/2025\/12\/Logo-Espaces-des-Possibles.png"},"sameAs":["http:\/\/www.espaces-des-possibles.fr\/www"]}]}},"_links":{"self":[{"href":"https:\/\/www.espaces-des-possibles.fr\/index.php\/wp-json\/wp\/v2\/pages\/150","targetHints":{"allow":["GET"]}}],"collection":[{"href":"https:\/\/www.espaces-des-possibles.fr\/index.php\/wp-json\/wp\/v2\/pages"}],"about":[{"href":"https:\/\/www.espaces-des-possibles.fr\/index.php\/wp-json\/wp\/v2\/types\/page"}],"author":[{"embeddable":true,"href":"https:\/\/www.espaces-des-possibles.fr\/index.php\/wp-json\/wp\/v2\/users\/1"}],"replies":[{"embeddable":true,"href":"https:\/\/www.espaces-des-possibles.fr\/index.php\/wp-json\/wp\/v2\/comments?post=150"}],"version-history":[{"count":19,"href":"https:\/\/www.espaces-des-possibles.fr\/index.php\/wp-json\/wp\/v2\/pages\/150\/revisions"}],"predecessor-version":[{"id":424,"href":"https:\/\/www.espaces-des-possibles.fr\/index.php\/wp-json\/wp\/v2\/pages\/150\/revisions\/424"}],"wp:attachment":[{"href":"https:\/\/www.espaces-des-possibles.fr\/index.php\/wp-json\/wp\/v2\/media?parent=150"}],"curies":[{"name":"wp","href":"https:\/\/api.w.org\/{rel}","templated":true}]}}